{"id":5887,"date":"2023-08-31T15:13:18","date_gmt":"2023-08-31T13:13:18","guid":{"rendered":"https:\/\/tgoffenau.eu\/?page_id=5887"},"modified":"2023-08-31T15:13:18","modified_gmt":"2023-08-31T13:13:18","slug":"2023-wanderung","status":"publish","type":"page","link":"https:\/\/tgoffenau.de\/tgo\/sportangebote-abteilungen\/badminton\/badminton-2008-badmintonswissopenbasel\/2023-wanderung\/","title":{"rendered":"2023 Wanderung 5. Etappe Neckarsteig"},"content":{"rendered":"<div class=\"wpb-content-wrapper\"><p>[vc_row][vc_column][vc_column_text]<\/p>\n<h1>2023 Wanderung 5. Etappe Neckarsteig<\/h1>\n<p>[\/vc_column_text][vc_column_text]Nach einer langen Corona-Pause ging es zum ersten Mal wieder wandern! Die Wanderung f\u00fchrte uns von Eberbach nach Neunkirchen immer entlang der 5. Etappe des Neckarsteigs. Vom Wanderparkplatz Breitenstein ging es durch sch\u00f6ne, schattige Waldabschnitte auf und ab bis zum Aussichtspunkt Teufelskanzel gegen\u00fcber von Rockenau.[\/vc_column_text][vc_column_text]<a href=\"https:\/\/tgoffenau.de\/tgo\/wp-content\/uploads\/2023\/08\/BM-2023-Wanderung-1k.jpeg\" data-lbwps-width=\"1442\" data-lbwps-height=\"676\" data-lbwps-srcsmall=\"https:\/\/tgoffenau.de\/tgo\/wp-content\/uploads\/2023\/08\/BM-2023-Wanderung-1k.jpeg\"><img decoding=\"async\" class=\"lazyload aligncenter size-full wp-image-5890\" src=\"data:image\/svg+xml,%3Csvg%20xmlns%3D%27http%3A%2F%2Fwww.w3.org%2F2000%2Fsvg%27%20width%3D%271442%27%20height%3D%27676%27%20viewBox%3D%270%200%201442%20676%27%3E%3Crect%20width%3D%271442%27%20height%3D%27676%27%20fill-opacity%3D%220%22%2F%3E%3C%2Fsvg%3E\" data-orig-src=\"https:\/\/tgoffenau.de\/tgo\/wp-content\/uploads\/2023\/08\/BM-2023-Wanderung-1k.jpeg\" alt=\"\" width=\"1442\" height=\"676\"><\/a>[\/vc_column_text][vc_column_text]An der Schleuse Rockenau haben wir den Neckar \u00fcberquert und ab dort geht es hoch zur Burg Stolzeneck, unserer \u201eletzten\u201c vone einigen Rastpausen. Ein weiterer kurzer Stopp nach ordentlich H\u00f6henmetern war der Reihersee, der musste dann doch noch sein.[\/vc_column_text][vc_column_text]<a href=\"https:\/\/tgoffenau.de\/tgo\/wp-content\/uploads\/2023\/08\/BM-2023-Wanderung-2k.jpeg\" data-lbwps-width=\"1442\" data-lbwps-height=\"676\" data-lbwps-srcsmall=\"https:\/\/tgoffenau.de\/tgo\/wp-content\/uploads\/2023\/08\/BM-2023-Wanderung-2k.jpeg\"><img decoding=\"async\" class=\"lazyload aligncenter size-full wp-image-5891\" src=\"data:image\/svg+xml,%3Csvg%20xmlns%3D%27http%3A%2F%2Fwww.w3.org%2F2000%2Fsvg%27%20width%3D%271442%27%20height%3D%27676%27%20viewBox%3D%270%200%201442%20676%27%3E%3Crect%20width%3D%271442%27%20height%3D%27676%27%20fill-opacity%3D%220%22%2F%3E%3C%2Fsvg%3E\" data-orig-src=\"https:\/\/tgoffenau.de\/tgo\/wp-content\/uploads\/2023\/08\/BM-2023-Wanderung-2k.jpeg\" alt=\"\" width=\"1442\" height=\"676\"><\/a>[\/vc_column_text][vc_column_text]um Abschluss konnten wir im Kleintierz\u00fcchterheim in Neunkirchen einer Pizza und kalten Getr\u00e4nken unsere Energiespeicher wieder auff\u00fcllen, bevor ein entspannter Wandertag mit der Fahrt nach Offenau zu Ende ging.[\/vc_column_text][\/vc_column][\/vc_row]<\/p>\n<\/div>","protected":false},"excerpt":{"rendered":"<p>[vc_row][vc_column][vc_column_text] 2023 Wanderung 5. Etappe Neckarsteig [\/vc_column_text][vc_column_text]Nach einer langen Corona-Pause ging es zum ersten Mal wieder wandern! Die Wanderung f\u00fchrte uns von Eberbach nach Neunkirchen immer entlang der 5. Etappe des Neckarsteigs. Vom Wanderparkplatz Breitenstein ging es durch sch\u00f6ne, schattige Waldabschnitte auf und ab bis zum Aussichtspunkt Teufelskanzel gegen\u00fcber von Rockenau.[\/vc_column_text][vc_column_text][\/vc_column_text][vc_column_text]An der Schleuse Rockenau haben<\/p>\n","protected":false},"author":1,"featured_media":0,"parent":324,"menu_order":0,"comment_status":"closed","ping_status":"closed","template":"","meta":{"footnotes":""},"class_list":["post-5887","page","type-page","status-publish","hentry"],"_links":{"self":[{"href":"https:\/\/tgoffenau.de\/tgo\/wp-json\/wp\/v2\/pages\/5887","targetHints":{"allow":["GET"]}}],"collection":[{"href":"https:\/\/tgoffenau.de\/tgo\/wp-json\/wp\/v2\/pages"}],"about":[{"href":"https:\/\/tgoffenau.de\/tgo\/wp-json\/wp\/v2\/types\/page"}],"author":[{"embeddable":true,"href":"https:\/\/tgoffenau.de\/tgo\/wp-json\/wp\/v2\/users\/1"}],"replies":[{"embeddable":true,"href":"https:\/\/tgoffenau.de\/tgo\/wp-json\/wp\/v2\/comments?post=5887"}],"version-history":[{"count":0,"href":"https:\/\/tgoffenau.de\/tgo\/wp-json\/wp\/v2\/pages\/5887\/revisions"}],"up":[{"embeddable":true,"href":"https:\/\/tgoffenau.de\/tgo\/wp-json\/wp\/v2\/pages\/324"}],"wp:attachment":[{"href":"https:\/\/tgoffenau.de\/tgo\/wp-json\/wp\/v2\/media?parent=5887"}],"curies":[{"name":"wp","href":"https:\/\/api.w.org\/{rel}","templated":true}]}}