{"id":5869,"date":"2023-08-31T14:55:50","date_gmt":"2023-08-31T12:55:50","guid":{"rendered":"https:\/\/tgoffenau.eu\/?page_id=5869"},"modified":"2023-08-31T14:55:50","modified_gmt":"2023-08-31T12:55:50","slug":"2018-wanderung-auf-die-zugspitze","status":"publish","type":"page","link":"https:\/\/tgoffenau.de\/tgo\/sportangebote-abteilungen\/badminton\/badminton-2008-badmintonswissopenbasel\/2018-wanderung-auf-die-zugspitze\/","title":{"rendered":"2018 Wanderung auf die Zugspitze"},"content":{"rendered":"<div class=\"wpb-content-wrapper\"><p>[vc_row][vc_column][vc_column_text]<\/p>\n<h1>2018 Wanderung auf die Zugspitze<\/h1>\n<p>[\/vc_column_text][vc_column_text]Nach einer Anfahrt mit Panne, war der Startpunkt an der Olympia-Skisprungschanze in Garmisch-Partenkirchen erreicht. Von hier aus f\u00fchrte uns der Weg durch die Partnachklamm und das Reintal bis zur Reintalangerh\u00fctte auf 1.369m.[\/vc_column_text][vc_column_text]<a href=\"https:\/\/tgoffenau.de\/tgo\/wp-content\/uploads\/2023\/08\/BM-2018-Wanderung-1.jpeg\" data-lbwps-width=\"1616\" data-lbwps-height=\"556\" data-lbwps-srcsmall=\"https:\/\/tgoffenau.de\/tgo\/wp-content\/uploads\/2023\/08\/BM-2018-Wanderung-1.jpeg\"><img decoding=\"async\" class=\"lazyload aligncenter size-full wp-image-5872\" src=\"data:image\/svg+xml,%3Csvg%20xmlns%3D%27http%3A%2F%2Fwww.w3.org%2F2000%2Fsvg%27%20width%3D%271616%27%20height%3D%27556%27%20viewBox%3D%270%200%201616%20556%27%3E%3Crect%20width%3D%271616%27%20height%3D%27556%27%20fill-opacity%3D%220%22%2F%3E%3C%2Fsvg%3E\" data-orig-src=\"https:\/\/tgoffenau.de\/tgo\/wp-content\/uploads\/2023\/08\/BM-2018-Wanderung-1.jpeg\" alt=\"\" width=\"1616\" height=\"556\"><\/a>[\/vc_column_text][vc_column_text]Den langen Anstieg zur H\u00fctte haben wir mit kleinen Pausen immer wieder unterbrochen und am Ende sind wir vollz\u00e4hlig, inkl. den Pannennachz\u00fcglern, an der Reintalangerh\u00fctte angekommen.[\/vc_column_text][vc_column_text]<a href=\"https:\/\/tgoffenau.de\/tgo\/wp-content\/uploads\/2023\/08\/BM-2018-Wanderung-2.jpg\" data-lbwps-width=\"1592\" data-lbwps-height=\"710\" data-lbwps-srcsmall=\"https:\/\/tgoffenau.de\/tgo\/wp-content\/uploads\/2023\/08\/BM-2018-Wanderung-2.jpg\"><img decoding=\"async\" class=\"lazyload aligncenter size-full wp-image-5873\" src=\"data:image\/svg+xml,%3Csvg%20xmlns%3D%27http%3A%2F%2Fwww.w3.org%2F2000%2Fsvg%27%20width%3D%271592%27%20height%3D%27710%27%20viewBox%3D%270%200%201592%20710%27%3E%3Crect%20width%3D%271592%27%20height%3D%27710%27%20fill-opacity%3D%220%22%2F%3E%3C%2Fsvg%3E\" data-orig-src=\"https:\/\/tgoffenau.de\/tgo\/wp-content\/uploads\/2023\/08\/BM-2018-Wanderung-2.jpg\" alt=\"\" width=\"1592\" height=\"710\"><\/a>[\/vc_column_text][vc_column_text]Der Aufstieg auf das Zugspitzplatt ist mit einigen H\u00f6henmetern deutlich anstrengender als zur Reintalangerh\u00fctte. Zur St\u00e4rkung der Wanderer liegt die Knorrh\u00fctte auf 2.051m mitten auf unserem Weg. Frisch gest\u00e4rkt geht es bei sonnigem Wetter weiter \u00fcber Altschneefelder bis unterhalb des Gipfels. Das technisch schwierigste St\u00fcck konnten wir mit der Gipfelbahn \u201eschonend\u201c \u00fcberwinden.[\/vc_column_text][vc_column_text]<a href=\"https:\/\/tgoffenau.de\/tgo\/wp-content\/uploads\/2023\/08\/BM-2018-Wanderung-3.jpg\" data-lbwps-width=\"1540\" data-lbwps-height=\"558\" data-lbwps-srcsmall=\"https:\/\/tgoffenau.de\/tgo\/wp-content\/uploads\/2023\/08\/BM-2018-Wanderung-3.jpg\"><img decoding=\"async\" class=\"lazyload aligncenter size-full wp-image-5874\" src=\"data:image\/svg+xml,%3Csvg%20xmlns%3D%27http%3A%2F%2Fwww.w3.org%2F2000%2Fsvg%27%20width%3D%271540%27%20height%3D%27558%27%20viewBox%3D%270%200%201540%20558%27%3E%3Crect%20width%3D%271540%27%20height%3D%27558%27%20fill-opacity%3D%220%22%2F%3E%3C%2Fsvg%3E\" data-orig-src=\"https:\/\/tgoffenau.de\/tgo\/wp-content\/uploads\/2023\/08\/BM-2018-Wanderung-3.jpg\" alt=\"\" width=\"1540\" height=\"558\"><\/a>[\/vc_column_text][vc_column_text]An der Gipfelstation hat das Wetter von Sonne auf starken Regenschauer umgestellt, daher gibt es nur die unscharfe Aufnahme vom Gipfelkreuz ohne Gruppenbild. Bei der Talfahrt mit der bayrischen Rekord-Zugspitzbahnwurden wir mit einem tollen Ausblick auf den Eibsee belohnt.[\/vc_column_text][vc_column_text]<a href=\"https:\/\/tgoffenau.de\/tgo\/wp-content\/uploads\/2023\/08\/BM-2018-Wanderung-4.jpg\" data-lbwps-width=\"1621\" data-lbwps-height=\"765\" data-lbwps-srcsmall=\"https:\/\/tgoffenau.de\/tgo\/wp-content\/uploads\/2023\/08\/BM-2018-Wanderung-4.jpg\"><img decoding=\"async\" class=\"lazyload aligncenter size-full wp-image-5875\" src=\"data:image\/svg+xml,%3Csvg%20xmlns%3D%27http%3A%2F%2Fwww.w3.org%2F2000%2Fsvg%27%20width%3D%271621%27%20height%3D%27765%27%20viewBox%3D%270%200%201621%20765%27%3E%3Crect%20width%3D%271621%27%20height%3D%27765%27%20fill-opacity%3D%220%22%2F%3E%3C%2Fsvg%3E\" data-orig-src=\"https:\/\/tgoffenau.de\/tgo\/wp-content\/uploads\/2023\/08\/BM-2018-Wanderung-4.jpg\" alt=\"\" width=\"1621\" height=\"765\"><\/a>[\/vc_column_text][vc_column_text]Das obligatorische Gruppenbild folgte dann wieder im Tal an der Olympia-Skisprungschanze und vielen tollen Erinnerungen an den h\u00f6chsten Berg Deutschlands, den jeder einmal erwandern sollte. Wir haben es geschafft.[\/vc_column_text][vc_column_text]<a href=\"https:\/\/tgoffenau.de\/tgo\/wp-content\/uploads\/2023\/08\/BM-2018-Wanderung-5.jpg\" data-lbwps-width=\"766\" data-lbwps-height=\"638\" data-lbwps-srcsmall=\"https:\/\/tgoffenau.de\/tgo\/wp-content\/uploads\/2023\/08\/BM-2018-Wanderung-5.jpg\"><img decoding=\"async\" class=\"lazyload aligncenter size-full wp-image-5876\" src=\"data:image\/svg+xml,%3Csvg%20xmlns%3D%27http%3A%2F%2Fwww.w3.org%2F2000%2Fsvg%27%20width%3D%27766%27%20height%3D%27638%27%20viewBox%3D%270%200%20766%20638%27%3E%3Crect%20width%3D%27766%27%20height%3D%27638%27%20fill-opacity%3D%220%22%2F%3E%3C%2Fsvg%3E\" data-orig-src=\"https:\/\/tgoffenau.de\/tgo\/wp-content\/uploads\/2023\/08\/BM-2018-Wanderung-5.jpg\" alt=\"\" width=\"766\" height=\"638\"><\/a>[\/vc_column_text][\/vc_column][\/vc_row]<\/p>\n<\/div>","protected":false},"excerpt":{"rendered":"<p>[vc_row][vc_column][vc_column_text] 2018 Wanderung auf die Zugspitze [\/vc_column_text][vc_column_text]Nach einer Anfahrt mit Panne, war der Startpunkt an der Olympia-Skisprungschanze in Garmisch-Partenkirchen erreicht. Von hier aus f\u00fchrte uns der Weg durch die Partnachklamm und das Reintal bis zur Reintalangerh\u00fctte auf 1.369m.[\/vc_column_text][vc_column_text][\/vc_column_text][vc_column_text]Den langen Anstieg zur H\u00fctte haben wir mit kleinen Pausen immer wieder unterbrochen und am Ende sind wir<\/p>\n","protected":false},"author":1,"featured_media":0,"parent":324,"menu_order":0,"comment_status":"closed","ping_status":"closed","template":"","meta":{"footnotes":""},"class_list":["post-5869","page","type-page","status-publish","hentry"],"_links":{"self":[{"href":"https:\/\/tgoffenau.de\/tgo\/wp-json\/wp\/v2\/pages\/5869","targetHints":{"allow":["GET"]}}],"collection":[{"href":"https:\/\/tgoffenau.de\/tgo\/wp-json\/wp\/v2\/pages"}],"about":[{"href":"https:\/\/tgoffenau.de\/tgo\/wp-json\/wp\/v2\/types\/page"}],"author":[{"embeddable":true,"href":"https:\/\/tgoffenau.de\/tgo\/wp-json\/wp\/v2\/users\/1"}],"replies":[{"embeddable":true,"href":"https:\/\/tgoffenau.de\/tgo\/wp-json\/wp\/v2\/comments?post=5869"}],"version-history":[{"count":0,"href":"https:\/\/tgoffenau.de\/tgo\/wp-json\/wp\/v2\/pages\/5869\/revisions"}],"up":[{"embeddable":true,"href":"https:\/\/tgoffenau.de\/tgo\/wp-json\/wp\/v2\/pages\/324"}],"wp:attachment":[{"href":"https:\/\/tgoffenau.de\/tgo\/wp-json\/wp\/v2\/media?parent=5869"}],"curies":[{"name":"wp","href":"https:\/\/api.w.org\/{rel}","templated":true}]}}