{"id":4972,"date":"2023-01-10T21:13:39","date_gmt":"2023-01-10T20:13:39","guid":{"rendered":"https:\/\/tgoffenau.eu\/?page_id=4972"},"modified":"2025-02-05T15:26:39","modified_gmt":"2025-02-05T14:26:39","slug":"fussball-2","status":"publish","type":"page","link":"https:\/\/tgoffenau.de\/tgo\/sportangebote-abteilungen\/fussball-2\/","title":{"rendered":"Fussball"},"content":{"rendered":"<div class=\"fusion-fullwidth fullwidth-box fusion-builder-row-1 fusion-flex-container has-pattern-background has-mask-background nonhundred-percent-fullwidth non-hundred-percent-height-scrolling\" style=\"--awb-border-radius-top-left:0px;--awb-border-radius-top-right:0px;--awb-border-radius-bottom-right:0px;--awb-border-radius-bottom-left:0px;--awb-margin-top:-71px;--awb-flex-wrap:wrap;\" ><div class=\"fusion-builder-row fusion-row fusion-flex-align-items-flex-start fusion-flex-content-wrap\" style=\"max-width:1216.8px;margin-left: calc(-4% \/ 2 );margin-right: calc(-4% \/ 2 );\"><div class=\"fusion-layout-column fusion_builder_column fusion-builder-column-0 fusion_builder_column_1_1 1_1 fusion-flex-column\" style=\"--awb-bg-blend:overlay;--awb-bg-size:cover;--awb-width-large:100%;--awb-margin-top-large:0px;--awb-spacing-right-large:1.92%;--awb-margin-bottom-large:0px;--awb-spacing-left-large:1.92%;--awb-width-medium:100%;--awb-spacing-right-medium:1.92%;--awb-spacing-left-medium:1.92%;--awb-width-small:100%;--awb-spacing-right-small:1.92%;--awb-spacing-left-small:1.92%;\"><div class=\"fusion-column-wrapper fusion-flex-justify-content-flex-start fusion-content-layout-column\"><div class=\"fusion-text fusion-text-1\"><div id='iwpm-10129' class='iwpm iwpm-10129 iwpm-container '  data-id='10129' data-is-pro='Array' data-source='menu'><div class='iwpm-terms'><div class='iwpm-terms-tree iwpm-terms-tree--level-1 iwpm-terms-tree--parents' style=''><div class=\"iwpm-terms-tree__inner\">\r\n        <div class=\"iwpm-term iwpm-term--id-9902 iwpm-term--parent iwpm-term--has-children\" data-id=\"9902\">\r\n            <div class=\"iwpm-term__inner\">\r\n                <a class=\"iwpm-term__link\" data-toggle='1'>\r\n\t\t\t\t\t        <span class=\"iwpm-term__text\">Fu\u00dfball<\/span>\r\n\t\t                <\/a>\r\n\t\t\t\t            <div class=\"iwpm-term__toggle\">\r\n                <span class=\"iwpm-term__toggle__inner\"><i class='iwp-icon-chevron-5'><\/i><\/span>\r\n            <\/div>\r\n\t\t\t            <\/div>\r\n\t\t\t<div class='iwpm-terms-tree iwpm-terms-tree--level-2 iwpm-terms-tree--children' style=''><div class=\"iwpm-terms-tree__inner\">\r\n        <div class=\"iwpm-term iwpm-term--id-10132 iwpm-term--child iwpm-term--current\" data-id=\"10132\">\r\n            <div class=\"iwpm-term__inner\">\r\n                <a class=\"iwpm-term__link\" href='https:\/\/tgoffenau.de\/tgo\/sportangebote-abteilungen\/fussball-2\/' target='_self'>\r\n\t\t\t\t\t            <div\r\n              class=\"iwpm-term__shifts\"\r\n              style=\"width: 0\"><\/div>\r\n\t\t\t        <span class=\"iwpm-term__text\">Fu\u00dfball - Info<\/span>\r\n\t\t                <\/a>\r\n\t\t\t\t            <\/div>\r\n\t\t\t        <\/div>\r\n\r\n\t\t\r\n        <div class=\"iwpm-term iwpm-term--id-10131 iwpm-term--child\" data-id=\"10131\">\r\n            <div class=\"iwpm-term__inner\">\r\n                <a class=\"iwpm-term__link\" href='https:\/\/tgoffenau.de\/tgo\/sportangebote-abteilungen\/fussball-2\/fussball\/' target='_self'>\r\n\t\t\t\t\t            <div\r\n              class=\"iwpm-term__shifts\"\r\n              style=\"width: 0\"><\/div>\r\n\t\t\t        <span class=\"iwpm-term__text\">Jugendfussball<\/span>\r\n\t\t                <\/a>\r\n\t\t\t\t            <\/div>\r\n\t\t\t        <\/div>\r\n\r\n\t\t\r\n        <div class=\"iwpm-term iwpm-term--id-10133 iwpm-term--child\" data-id=\"10133\">\r\n            <div class=\"iwpm-term__inner\">\r\n                <a class=\"iwpm-term__link\" href='https:\/\/tgoffenau.de\/tgo\/sportangebote-abteilungen\/fussball-2\/herren\/' target='_self'>\r\n\t\t\t\t\t            <div\r\n              class=\"iwpm-term__shifts\"\r\n              style=\"width: 0\"><\/div>\r\n\t\t\t        <span class=\"iwpm-term__text\">Herren<\/span>\r\n\t\t                <\/a>\r\n\t\t\t\t            <\/div>\r\n\t\t\t        <\/div>\r\n\r\n\t\t<\/div><\/div>        <\/div>\r\n\r\n\t\t<\/div><\/div><\/div><div id=\"iwpm_data_args\" class=\"data-args\"  data-collapse_children_terms='1' data-collapse_other_terms='1' data-collapse_animation_duration='400' data-expand_animation_duration='400' data-disable_parent_links_level='4'><\/div><\/div><script id=\"styles-copier-6a06e860e81ef\">\r\n\t\t\t\/\/ Finding styles element\r\n\t        var element = document.getElementById(\"iwpm-dynamic-style\");\r\n\t        if (!element) { \/\/ If no element (Cache plugins can remove tag), then creating a new one\r\n                element = document.createElement('style');\r\n                var head = document.getElementsByTagName(\"head\")\r\n                if (head && head[0]) {\r\n                \thead[0].appendChild(element);\r\n                } else {\r\n                  \tconsole.warn(\"IWP Menu | Error while printing styles. Please contact technical support.\");\r\n                }\r\n\t        }\r\n\t\t\t\/\/ Copying styles to <styles> tag\r\n\t        element.innerHTML += \".iwpm-10129 .iwpm-terms{border-top-left-radius:5px;border-top-right-radius:5px;border-bottom-right-radius:5px;border-bottom-left-radius:5px;padding-top:1px;transition:all 400ms;animation:iwp-none 1000ms;}.iwpm-10129 .iwpm-terms-tree--children > .iwpm-terms-tree__inner{margin-left:7px;animation:iwp-none 400ms;}.iwpm-10129 .iwpm-term__inner{background-color:rgba(255,235,237,1);border-top-left-radius:5px;border-top-right-radius:5px;border-bottom-right-radius:5px;border-bottom-left-radius:5px;margin-bottom:2px;min-height:35px;transition:all 400ms;}.iwpm-10129 .iwpm-term__inner:hover{background-color:rgba(239,150,150,1);}.iwpm-10129 .iwpm-term--current > .iwpm-term__inner{background-color:rgba(255,191,191,1);}.iwpm-10129 .iwpm-term--child .iwpm-term__inner{background-color:rgba(252,228,228,0.35);border-left: 2px solid red;;}.iwpm-10129 .iwpm-term--child .iwpm-term__inner:hover{background-color:rgba(255,141,141,1);}.iwpm-10129 .iwpm-term--child.iwpm-term--current > .iwpm-term__inner{background-color:rgba(255,191,191,1);}.iwpm-10129 .iwpm-term__link{color:rgba(0,0,0,1);font-size:18px;line-height:20px;font-weight:400;text-align:left;text-decoration:underline;padding-top:5px;padding-right:15px;padding-bottom:5px;padding-left:15px;transition:all 400ms;}.iwpm-10129 .iwpm-term__inner:hover .iwpm-term__link{color:rgba(50,50,50,1);text-decoration:none;}.iwpm-10129 .iwpm-term--current > .iwpm-term__inner .iwpm-term__link{color:rgba(0,0,0,1);text-decoration:underline;}.iwpm-10129 .iwpm-term--child .iwpm-term__inner .iwpm-term__link{color:rgba(0,0,0,1);font-weight:400;text-decoration:none;}.iwpm-10129 .iwpm-term--child .iwpm-term__inner:hover .iwpm-term__link{color:rgba(0,0,0,1);text-decoration:none;}.iwpm-10129 .iwpm-term--child.iwpm-term--current > .iwpm-term__inner .iwpm-term__link{color:rgba(0,0,0,1);text-decoration:none;}.iwpm-10129 .iwpm-term__toggle__inner{transition:transform 400ms}.iwpm-10129 .iwpm-term--expanded > .iwpm-term__inner > .iwpm-term__toggle > .iwpm-term__toggle__inner{transform:rotate(180deg);}.iwpm-10129 .iwpm-term__toggle{color:rgba(255,0,0,1);font-size:16px;align-self:stretch;height:unset;;width:40px;transition:all 400ms;}.iwpm-10129 .iwpm-term__toggle:hover{color:rgba(0,0,0,1);}.iwpm-10129 .iwpm-term__image-container{width:30px;min-width:30px;height:30px;min-height:30px;margin-right:15px;transition:all 400ms;}.iwpm-10129 .iwpm-term__image{background-size:contain;background-position:center;background-repeat:no-repeat;}.iwpm-10129 .iwpm-term__image-container:hover{background-size:contain;background-position:center;background-repeat:no-repeat;}.iwpm-10129 .iwpm-term__inner:hover .iwpm-term__image-container{background-size:contain;background-position:center;background-repeat:no-repeat;}.iwpm-10129 .iwpm-term--current > .iwpm-term__inner .iwpm-term__image-container{background-size:contain;background-position:center;background-repeat:no-repeat;}.iwpm-10129 .iwpm-term--child .iwpm-term__inner .iwpm-term__image-container{background-size:contain;background-position:center;background-repeat:no-repeat;}.iwpm-10129 .iwpm-term--child .iwpm-term__inner .iwpm-term__image-container:hover{background-size:contain;background-position:center;background-repeat:no-repeat;}.iwpm-10129 .iwpm-term--child.iwpm-term--current > .iwpm-term__inner .iwpm-term__image-container{background-size:contain;background-position:center;background-repeat:no-repeat;}.iwpm-10129  .iwpm-term__text{flex: unset}.iwpm-10129 .iwpm-term__posts-count{color:rgba(154,154,154,1);font-size:17px;margin-left:12px;font-weight:400;transition:all 400ms;}.iwpm-10129 .iwpm-term--child .iwpm-term__inner:hover .iwpm-term__posts-count{color:rgba(255,255,255,1);}.iwpm-10129 .iwpm-term--child.iwpm-term--current > .iwpm-term__inner .iwpm-term__posts-count{color:rgba(255,255,255,1);}.iwpm-10129 .iwpm-term--collapsing > .iwpm-terms-tree--children > .iwpm-terms-tree__inner{animation:iwp-none 400ms;}\";\r\n\t        \/\/ Removing this script\r\n            var this_script = document.getElementById(\"styles-copier-6a06e860e81ef\");\r\n            if (this_script) { \/\/ Cache plugins can remove tag\r\n\t            this_script.outerHTML = \"\";\r\n\t            if (this_script.parentNode) {\r\n\t                this_script.parentNode.removeChild(this_script);\r\n\t            }\r\n            }\r\n        <\/script>\n<\/div><\/div><\/div><\/div><\/div><div class=\"fusion-fullwidth fullwidth-box fusion-builder-row-2 fusion-flex-container nonhundred-percent-fullwidth non-hundred-percent-height-scrolling\" style=\"--awb-border-radius-top-left:0px;--awb-border-radius-top-right:0px;--awb-border-radius-bottom-right:0px;--awb-border-radius-bottom-left:0px;--awb-flex-wrap:wrap;\" ><div class=\"fusion-builder-row fusion-row fusion-flex-align-items-flex-start fusion-flex-content-wrap\" style=\"max-width:1216.8px;margin-left: calc(-4% \/ 2 );margin-right: calc(-4% \/ 2 );\"><div class=\"fusion-layout-column fusion_builder_column fusion-builder-column-1 fusion_builder_column_1_1 1_1 fusion-flex-column\" style=\"--awb-bg-size:cover;--awb-width-large:100%;--awb-margin-top-large:0px;--awb-spacing-right-large:1.92%;--awb-margin-bottom-large:0px;--awb-spacing-left-large:1.92%;--awb-width-medium:100%;--awb-spacing-right-medium:1.92%;--awb-spacing-left-medium:1.92%;--awb-width-small:100%;--awb-spacing-right-small:1.92%;--awb-spacing-left-small:1.92%;\"><div class=\"fusion-column-wrapper fusion-flex-justify-content-flex-start fusion-content-layout-column\"><div class=\"fusion-text fusion-text-2\"><h1>Fu\u00dfball<\/h1>\n<\/div><\/div><\/div><\/div><\/div><div class=\"fusion-fullwidth fullwidth-box fusion-builder-row-3 fusion-flex-container nonhundred-percent-fullwidth non-hundred-percent-height-scrolling\" style=\"--awb-border-radius-top-left:0px;--awb-border-radius-top-right:0px;--awb-border-radius-bottom-right:0px;--awb-border-radius-bottom-left:0px;--awb-flex-wrap:wrap;\" ><div class=\"fusion-builder-row fusion-row fusion-flex-align-items-flex-start fusion-flex-content-wrap\" style=\"max-width:1216.8px;margin-left: calc(-4% \/ 2 );margin-right: calc(-4% \/ 2 );\"><div class=\"fusion-layout-column fusion_builder_column fusion-builder-column-2 fusion_builder_column_1_1 1_1 fusion-flex-column\" style=\"--awb-bg-size:cover;--awb-width-large:100%;--awb-margin-top-large:0px;--awb-spacing-right-large:1.92%;--awb-margin-bottom-large:0px;--awb-spacing-left-large:1.92%;--awb-width-medium:100%;--awb-spacing-right-medium:1.92%;--awb-spacing-left-medium:1.92%;--awb-width-small:100%;--awb-spacing-right-small:1.92%;--awb-spacing-left-small:1.92%;\"><div class=\"fusion-column-wrapper fusion-flex-justify-content-flex-start fusion-content-layout-column\"><div class=\"fusion-text fusion-text-3\"><p><span style=\"font-size: 20px;\"><strong>Willkommen in der Abteilung Fu\u00dfball<\/strong><\/span><\/p>\n<p><span style=\"font-size: 20px;\">&#8230; der beliebtesten Sportart weltweit und nat\u00fcrlich auch bei der TG Offenau !<\/span><\/p><\/p>\n<\/div><\/div><\/div><\/div><\/div><div class=\"fusion-fullwidth fullwidth-box fusion-builder-row-4 fusion-flex-container nonhundred-percent-fullwidth non-hundred-percent-height-scrolling\" style=\"--awb-border-radius-top-left:0px;--awb-border-radius-top-right:0px;--awb-border-radius-bottom-right:0px;--awb-border-radius-bottom-left:0px;--awb-flex-wrap:wrap;\" ><div class=\"fusion-builder-row fusion-row fusion-flex-align-items-flex-start fusion-flex-content-wrap\" style=\"max-width:1216.8px;margin-left: calc(-4% \/ 2 );margin-right: calc(-4% \/ 2 );\"><div class=\"fusion-layout-column fusion_builder_column fusion-builder-column-3 fusion_builder_column_1_1 1_1 fusion-flex-column\" style=\"--awb-bg-size:cover;--awb-width-large:100%;--awb-margin-top-large:0px;--awb-spacing-right-large:1.92%;--awb-margin-bottom-large:0px;--awb-spacing-left-large:1.92%;--awb-width-medium:100%;--awb-spacing-right-medium:1.92%;--awb-spacing-left-medium:1.92%;--awb-width-small:100%;--awb-spacing-right-small:1.92%;--awb-spacing-left-small:1.92%;\"><div class=\"fusion-column-wrapper fusion-flex-justify-content-flex-start fusion-content-layout-column\"><div class=\"fusion-text fusion-text-4\"><p>Hier gehts zu den Bereichen<\/p>\n<p><a href=\"https:\/\/tgoffenau.de\/tgo\/sportangebote-abteilungen\/fussball-2\/herren\/\">Herren<\/a><\/p>\n<p><a href=\"https:\/\/tgoffenau.de\/tgo\/sportangebote-abteilungen\/fussball-2\/fussball\/\">Jugendfu\u00dfball<\/a><\/p>\n<hr>\n<\/div><\/div><\/div><\/div><\/div><div class=\"fusion-fullwidth fullwidth-box fusion-builder-row-5 fusion-flex-container nonhundred-percent-fullwidth non-hundred-percent-height-scrolling\" style=\"--awb-border-radius-top-left:0px;--awb-border-radius-top-right:0px;--awb-border-radius-bottom-right:0px;--awb-border-radius-bottom-left:0px;--awb-margin-top:35px;--awb-flex-wrap:wrap;\" ><div class=\"fusion-builder-row fusion-row fusion-flex-align-items-flex-start fusion-flex-content-wrap\" style=\"max-width:1216.8px;margin-left: calc(-4% \/ 2 );margin-right: calc(-4% \/ 2 );\"><div class=\"fusion-layout-column fusion_builder_column fusion-builder-column-4 fusion_builder_column_1_1 1_1 fusion-flex-column\" style=\"--awb-bg-size:cover;--awb-width-large:100%;--awb-margin-top-large:0px;--awb-spacing-right-large:1.92%;--awb-margin-bottom-large:0px;--awb-spacing-left-large:1.92%;--awb-width-medium:100%;--awb-spacing-right-medium:1.92%;--awb-spacing-left-medium:1.92%;--awb-width-small:100%;--awb-spacing-right-small:1.92%;--awb-spacing-left-small:1.92%;\"><div class=\"fusion-column-wrapper fusion-flex-justify-content-flex-start fusion-content-layout-column\"><div class=\"fusion-text fusion-text-5\"><p><span style=\"color: var(--h2_typography-color); font-family: var(--h2_typography-font-family); font-size: var(--h2_typography-font-size); font-style: var(--h2_typography-font-style,normal); font-weight: var(--h2_typography-font-weight); letter-spacing: var(--h2_typography-letter-spacing); text-transform: var(--h2_typography-text-transform); text-align: var(--awb-content-alignment); background-color: var(--awb-bg-color-hover);\">Abteilungsleitung<\/span><\/p>\n<\/p>\n<div style=\"width: 100%; overflow: auto; scrollbar-color: red #ffff0000;\">\n\n<table id=\"tablepress-11\" class=\"tablepress tablepress-id-11\">\n<tbody class=\"row-striping row-hover\">\n<tr class=\"row-1\">\n\t<td class=\"column-1\">Position<\/td><td class=\"column-2\">Name<\/td><td class=\"column-3\"><\/td>\n<\/tr>\n<tr class=\"row-2\">\n\t<td class=\"column-1\">Abteilungsleiter <\/td><td class=\"column-2\">Simon Breuling<\/td><td class=\"column-3\">simon.breuling[AT]tgoffenau.de<\/td>\n<\/tr>\n<tr class=\"row-3\">\n\t<td class=\"column-1\">stellvertretender <br \/>\nAbteilungsleiter<\/td><td class=\"column-2\">Fatih \u00d6zden<\/td><td class=\"column-3\">fatih.oezden[AT]tgoffenau.de<\/td>\n<\/tr>\n<tr class=\"row-4\">\n\t<td class=\"column-1\">Kassierer <\/td><td class=\"column-2\">Marcel Dietrich<\/td><td class=\"column-3\"><\/td>\n<\/tr>\n<tr class=\"row-5\">\n\t<td class=\"column-1\">Schriftf\u00fchrer<\/td><td class=\"column-2\">Daniel Lotz<\/td><td class=\"column-3\"><\/td>\n<\/tr>\n<tr class=\"row-6\">\n\t<td class=\"column-1\">Beisitzer<\/td><td class=\"column-2\">Silvano Landolfi<\/td><td class=\"column-3\"><\/td>\n<\/tr>\n<tr class=\"row-7\">\n\t<td class=\"column-1\">Beisitzer<\/td><td class=\"column-2\">Fatih \u00d6zden<\/td><td class=\"column-3\">fatih.oezden[AT]tgoffenau.de<\/td>\n<\/tr>\n<tr class=\"row-8\">\n\t<td class=\"column-1\">Jugendfussball<br \/>\n<\/td><td class=\"column-2\">Christian Porsch<\/td><td class=\"column-3\">jugendfussball[AT]tgoffenau.de<\/td>\n<\/tr>\n<\/tbody>\n<\/table>\n<!-- #tablepress-11 from cache -->\n<\/div>\n<div id=\"spende\">\n<p style=\"text-align: center;\">&nbsp;<\/p>\n<\/div>\n<\/div><\/div><\/div><\/div><\/div><div class=\"fusion-fullwidth fullwidth-box fusion-builder-row-6 fusion-flex-container nonhundred-percent-fullwidth non-hundred-percent-height-scrolling\" style=\"--awb-border-radius-top-left:0px;--awb-border-radius-top-right:0px;--awb-border-radius-bottom-right:0px;--awb-border-radius-bottom-left:0px;--awb-margin-top:35px;--awb-flex-wrap:wrap;\" ><div class=\"fusion-builder-row fusion-row fusion-flex-align-items-flex-start fusion-flex-content-wrap\" style=\"max-width:1216.8px;margin-left: calc(-4% \/ 2 );margin-right: calc(-4% \/ 2 );\"><div class=\"fusion-layout-column fusion_builder_column fusion-builder-column-5 fusion_builder_column_1_1 1_1 fusion-flex-column\" style=\"--awb-bg-size:cover;--awb-width-large:100%;--awb-margin-top-large:0px;--awb-spacing-right-large:1.92%;--awb-margin-bottom-large:0px;--awb-spacing-left-large:1.92%;--awb-width-medium:100%;--awb-spacing-right-medium:1.92%;--awb-spacing-left-medium:1.92%;--awb-width-small:100%;--awb-spacing-right-small:1.92%;--awb-spacing-left-small:1.92%;\"><div class=\"fusion-column-wrapper fusion-flex-justify-content-flex-start fusion-content-layout-column\"><div class=\"fusion-text fusion-text-6\"><div id=\"spende\">\n<p style=\"text-align: center;\"> <div class=\"brlbs-cmpnt-container brlbs-cmpnt-content-blocker brlbs-cmpnt-with-individual-styles\" data-borlabs-cookie-content-blocker-id=\"default\" data-borlabs-cookie-content=\"PC9wPgo8cCBzdHlsZT0idGV4dC1hbGlnbjogY2VudGVyOyI+PCEtLSBTcGVuZGVuc2VpdGUgV2lkZ2V0IC0tPjwvcD4KPGRpdiBpZD0iZG9uZWVyYWN0aWVfZG9uYXRpZW1vZHVsZSIgc3R5bGU9InRleHQtYWxpZ246IGNlbnRlcjsiIGRhdGEtc2l6ZT0iMSIgZGF0YS1kb25hdGlvbmFjdGlvbmlkPSI3ODE0NiI+CjxkaXYgY2xhc3M9ImJybGJzLWNtcG50LWNvbnRhaW5lciBicmxicy1jbXBudC1jb250ZW50LWJsb2NrZXIgYnJsYnMtY21wbnQtd2l0aC1pbmRpdmlkdWFsLXN0eWxlcyIgZGF0YS1ib3JsYWJzLWNvb2tpZS1jb250ZW50LWJsb2NrZXItaWQ9ImRlZmF1bHQiIGRhdGEtYm9ybGFicy1jb29raWUtY29udGVudD0iUEdsbWNtRnRaU0J6Y21NOUltaDBkSEJ6T2k4dmQzZDNMbk53Wlc1a1pXNXpaV2wwWlM1a1pTOTNhV1JuWlhRdmRqSXZOemd4TkRZdk1TSWdjMk55YjJ4c2FXNW5QU0p1YnlJZ2FHVnBaMmgwUFNJME1EVWlJR1p5WVcxbFltOXlaR1Z5UFNJd0lpQjNhV1IwYUQwaU16VXdJaUJ6ZEhsc1pUMGliM1psY21ac2IzY3RlVG9nYUdsa1pHVnVPMjkyWlhKbWJHOTNMWGc2YUdsa1pHVnVPeUkrUEM5cFpuSmhiV1UrIj4KPGRpdiBjbGFzcz0iYnJsYnMtY21wbnQtY2ItcHJlc2V0LWEiPgo8cCBjbGFzcz0iYnJsYnMtY21wbnQtY2ItZGVzY3JpcHRpb24iPlNpZSBzZWhlbiBnZXJhZGUgZWluZW4gUGxhdHpoYWx0ZXJpbmhhbHQgdm9uIDxzdHJvbmc+U3RhbmRhcmQ8L3N0cm9uZz4uIFVtIGF1ZiBkZW4gZWlnZW50bGljaGVuIEluaGFsdCB6dXp1Z3JlaWZlbiwga2xpY2tlbiBTaWUgYXVmIGRlbiBCdXR0b24gdW50ZW4uIEJpdHRlIGJlYWNodGVuIFNpZSwgZGFzcyBkYWJlaSBEYXRlbiBhbiBEcml0dGFuYmlldGVyIHdlaXRlcmdlZ2ViZW4gd2VyZGVuLjwvcD4KPGRpdiBjbGFzcz0iYnJsYnMtY21wbnQtY2ItYnV0dG9ucyI+IDxhIGNsYXNzPSJicmxicy1jbXBudC1jYi1idG4iIGhyZWY9IiMiIGRhdGEtYm9ybGFicy1jb29raWUtdW5ibG9jayByb2xlPSJidXR0b24iPkluaGFsdCBlbnRzcGVycmVuPC9hPiA8YSBjbGFzcz0iYnJsYnMtY21wbnQtY2ItYnRuIiBocmVmPSIjIiBkYXRhLWJvcmxhYnMtY29va2llLWFjY2VwdC1zZXJ2aWNlIHJvbGU9ImJ1dHRvbiIgc3R5bGU9ImRpc3BsYXk6IG5vbmUiPkVyZm9yZGVybGljaGVuIFNlcnZpY2UgYWt6ZXB0aWVyZW4gdW5kIEluaGFsdGUgZW50c3BlcnJlbjwvYT4gPC9kaXY+CjxwPiA8YSBjbGFzcz0iYnJsYnMtY21wbnQtY2ItcHJvdmlkZXItdG9nZ2xlIiBocmVmPSIjIiBkYXRhLWJvcmxhYnMtY29va2llLXNob3ctcHJvdmlkZXItaW5mb3JtYXRpb24gcm9sZT0iYnV0dG9uIj5XZWl0ZXJlIEluZm9ybWF0aW9uZW48L2E+IDwvZGl2Pgo8L2Rpdj4KPC9kaXY+CjxwIHN0eWxlPSJ0ZXh0LWFsaWduOiBjZW50ZXI7Ij4gPCEtLSBTcGVuZGVuc2VpdGUgV2lkZ2V0IC0tPjwvcD4KPHAgc3R5bGU9InRleHQtYWxpZ246IGNlbnRlcjsiPg==\"><div class=\"brlbs-cmpnt-cb-preset-a\"> <p class=\"brlbs-cmpnt-cb-description\">Sie sehen gerade einen Platzhalterinhalt von <strong>Standard<\/strong>. Um auf den eigentlichen Inhalt zuzugreifen, klicken Sie auf den Button unten. Bitte beachten Sie, dass dabei Daten an Drittanbieter weitergegeben werden.<\/p> <div class=\"brlbs-cmpnt-cb-buttons\"> <a class=\"brlbs-cmpnt-cb-btn\" href=\"#\" data-borlabs-cookie-unblock role=\"button\">Inhalt entsperren<\/a> <a class=\"brlbs-cmpnt-cb-btn\" href=\"#\" data-borlabs-cookie-accept-service role=\"button\" style=\"display: none\">Erforderlichen Service akzeptieren und Inhalte entsperren<\/a> <\/div> <a class=\"brlbs-cmpnt-cb-provider-toggle\" href=\"#\" data-borlabs-cookie-show-provider-information role=\"button\">Weitere Informationen<\/a> <\/div><\/div>\n<\/div>\n<p style=\"text-align: center;\"><strong><a href=\"https:\/\/www.spendenseite.de\/m-228-hroboter-f-252-r-die-tg-offenau\/-78146\" target=\"_blank\" rel=\"noopener\">Alle Infos zu der Spendenaktion: M\u00e4hroboter f\u00fcr die TG Offenau<br \/>\n<\/a><\/strong><\/p>\n<hr>\n<\/div><\/div><\/div><\/div><\/div>\n","protected":false},"excerpt":{"rendered":"Fu\u00dfball Fu\u00dfball - Info Jugendfussball Herren Fu\u00dfball Willkommen in der Abteilung Fu\u00dfball ... der beliebtesten Sportart weltweit und nat\u00fcrlich auch bei der TG Offenau ! Hier gehts zu den Bereichen Herren Jugendfu\u00dfball Abteilungsleitung PositionName Abteilungsleiter Simon Breulingsimon.breuling[AT]tgoffenau.de stellvertretender AbteilungsleiterFatih \u00d6zdenfatih.oezden[AT]tgoffenau.de Kassierer Marcel Dietrich Schriftf\u00fchrerDaniel Lotz BeisitzerSilvano Landolfi BeisitzerFatih \u00d6zdenfatih.oezden[AT]tgoffenau.de Jugendfussball Christian Porschjugendfussball[AT]tgoffenau.de &nbsp; Sie sehen","protected":false},"author":1,"featured_media":0,"parent":119,"menu_order":0,"comment_status":"closed","ping_status":"closed","template":"","meta":{"footnotes":""},"class_list":["post-4972","page","type-page","status-publish","hentry"],"_links":{"self":[{"href":"https:\/\/tgoffenau.de\/tgo\/wp-json\/wp\/v2\/pages\/4972","targetHints":{"allow":["GET"]}}],"collection":[{"href":"https:\/\/tgoffenau.de\/tgo\/wp-json\/wp\/v2\/pages"}],"about":[{"href":"https:\/\/tgoffenau.de\/tgo\/wp-json\/wp\/v2\/types\/page"}],"author":[{"embeddable":true,"href":"https:\/\/tgoffenau.de\/tgo\/wp-json\/wp\/v2\/users\/1"}],"replies":[{"embeddable":true,"href":"https:\/\/tgoffenau.de\/tgo\/wp-json\/wp\/v2\/comments?post=4972"}],"version-history":[{"count":10,"href":"https:\/\/tgoffenau.de\/tgo\/wp-json\/wp\/v2\/pages\/4972\/revisions"}],"predecessor-version":[{"id":10359,"href":"https:\/\/tgoffenau.de\/tgo\/wp-json\/wp\/v2\/pages\/4972\/revisions\/10359"}],"up":[{"embeddable":true,"href":"https:\/\/tgoffenau.de\/tgo\/wp-json\/wp\/v2\/pages\/119"}],"wp:attachment":[{"href":"https:\/\/tgoffenau.de\/tgo\/wp-json\/wp\/v2\/media?parent=4972"}],"curies":[{"name":"wp","href":"https:\/\/api.w.org\/{rel}","templated":true}]}}