{"id":164,"date":"2017-12-20T12:36:03","date_gmt":"2017-12-20T11:36:03","guid":{"rendered":"http:\/\/tgoffenau.eu\/?page_id=164"},"modified":"2025-02-06T23:38:11","modified_gmt":"2025-02-06T22:38:11","slug":"vorschulturnen","status":"publish","type":"page","link":"https:\/\/tgoffenau.de\/tgo\/sportangebote-abteilungen\/turnen\/vorschulturnen\/","title":{"rendered":"Vorschulturnen"},"content":{"rendered":"<div class=\"fusion-fullwidth fullwidth-box fusion-builder-row-1 fusion-flex-container has-pattern-background has-mask-background nonhundred-percent-fullwidth non-hundred-percent-height-scrolling\" style=\"--awb-border-radius-top-left:0px;--awb-border-radius-top-right:0px;--awb-border-radius-bottom-right:0px;--awb-border-radius-bottom-left:0px;--awb-margin-top:-71px;--awb-flex-wrap:wrap;\" ><div class=\"fusion-builder-row fusion-row fusion-flex-align-items-flex-start fusion-flex-content-wrap\" style=\"max-width:1216.8px;margin-left: calc(-4% \/ 2 );margin-right: calc(-4% \/ 2 );\"><div class=\"fusion-layout-column fusion_builder_column fusion-builder-column-0 fusion_builder_column_1_1 1_1 fusion-flex-column\" style=\"--awb-bg-blend:overlay;--awb-bg-size:cover;--awb-width-large:100%;--awb-margin-top-large:0px;--awb-spacing-right-large:1.92%;--awb-margin-bottom-large:0px;--awb-spacing-left-large:1.92%;--awb-width-medium:100%;--awb-spacing-right-medium:1.92%;--awb-spacing-left-medium:1.92%;--awb-width-small:100%;--awb-spacing-right-small:1.92%;--awb-spacing-left-small:1.92%;\"><div class=\"fusion-column-wrapper fusion-flex-justify-content-flex-start fusion-content-layout-column\"><div class=\"fusion-text fusion-text-1\"><div id='iwpm-10286' class='iwpm iwpm-10286 iwpm-container '  data-id='10286' data-is-pro='Array' data-source='menu'><div class='iwpm-terms'><div class='iwpm-terms-tree iwpm-terms-tree--level-1 iwpm-terms-tree--parents' style=''><div class=\"iwpm-terms-tree__inner\">\r\n        <div class=\"iwpm-term iwpm-term--id-10299 iwpm-term--parent iwpm-term--has-children\" data-id=\"10299\">\r\n            <div class=\"iwpm-term__inner\">\r\n                <a class=\"iwpm-term__link\" data-toggle='1'>\r\n\t\t\t\t\t        <span class=\"iwpm-term__text\">Turnen<\/span>\r\n\t\t                <\/a>\r\n\t\t\t\t            <div class=\"iwpm-term__toggle\">\r\n                <span class=\"iwpm-term__toggle__inner\"><i class='iwp-icon-chevron-5'><\/i><\/span>\r\n            <\/div>\r\n\t\t\t            <\/div>\r\n\t\t\t<div class='iwpm-terms-tree iwpm-terms-tree--level-2 iwpm-terms-tree--children' style=''><div class=\"iwpm-terms-tree__inner\">\r\n        <div class=\"iwpm-term iwpm-term--id-9878 iwpm-term--child\" data-id=\"9878\">\r\n            <div class=\"iwpm-term__inner\">\r\n                <a class=\"iwpm-term__link\" href='https:\/\/tgoffenau.de\/tgo\/sportangebote-abteilungen\/turnen\/' target='_self'>\r\n\t\t\t\t\t            <div\r\n              class=\"iwpm-term__shifts\"\r\n              style=\"width: 0\"><\/div>\r\n\t\t\t        <span class=\"iwpm-term__text\">Turnen - Info<\/span>\r\n\t\t                <\/a>\r\n\t\t\t\t            <\/div>\r\n\t\t\t        <\/div>\r\n\r\n\t\t\r\n        <div class=\"iwpm-term iwpm-term--id-10300 iwpm-term--child\" data-id=\"10300\">\r\n            <div class=\"iwpm-term__inner\">\r\n                <a class=\"iwpm-term__link\" href='https:\/\/tgoffenau.de\/tgo\/sportangebote-abteilungen\/turnen\/aerobic-fuer-frauen\/' target='_self'>\r\n\t\t\t\t\t            <div\r\n              class=\"iwpm-term__shifts\"\r\n              style=\"width: 0\"><\/div>\r\n\t\t\t        <span class=\"iwpm-term__text\">Aerobic f\u00fcr Frauen \/ Frauengymnastik<\/span>\r\n\t\t                <\/a>\r\n\t\t\t\t            <\/div>\r\n\t\t\t        <\/div>\r\n\r\n\t\t\r\n        <div class=\"iwpm-term iwpm-term--id-10301 iwpm-term--child\" data-id=\"10301\">\r\n            <div class=\"iwpm-term__inner\">\r\n                <a class=\"iwpm-term__link\" href='https:\/\/tgoffenau.de\/tgo\/sportangebote-abteilungen\/turnen\/eltern-kind-turnen\/' target='_self'>\r\n\t\t\t\t\t            <div\r\n              class=\"iwpm-term__shifts\"\r\n              style=\"width: 0\"><\/div>\r\n\t\t\t        <span class=\"iwpm-term__text\">Eltern-Kind-Turnen<\/span>\r\n\t\t                <\/a>\r\n\t\t\t\t            <\/div>\r\n\t\t\t        <\/div>\r\n\r\n\t\t\r\n        <div class=\"iwpm-term iwpm-term--id-10302 iwpm-term--child\" data-id=\"10302\">\r\n            <div class=\"iwpm-term__inner\">\r\n                <a class=\"iwpm-term__link\" href='https:\/\/tgoffenau.de\/tgo\/sportangebote-abteilungen\/turnen\/fit-ab-50\/' target='_self'>\r\n\t\t\t\t\t            <div\r\n              class=\"iwpm-term__shifts\"\r\n              style=\"width: 0\"><\/div>\r\n\t\t\t        <span class=\"iwpm-term__text\">Fit ab 50<\/span>\r\n\t\t                <\/a>\r\n\t\t\t\t            <\/div>\r\n\t\t\t        <\/div>\r\n\r\n\t\t\r\n        <div class=\"iwpm-term iwpm-term--id-10303 iwpm-term--child iwpm-term--current\" data-id=\"10303\">\r\n            <div class=\"iwpm-term__inner\">\r\n                <a class=\"iwpm-term__link\" href='https:\/\/tgoffenau.de\/tgo\/sportangebote-abteilungen\/turnen\/vorschulturnen\/' target='_self'>\r\n\t\t\t\t\t            <div\r\n              class=\"iwpm-term__shifts\"\r\n              style=\"width: 0\"><\/div>\r\n\t\t\t        <span class=\"iwpm-term__text\">Vorschulturnen<\/span>\r\n\t\t                <\/a>\r\n\t\t\t\t            <\/div>\r\n\t\t\t        <\/div>\r\n\r\n\t\t\r\n        <div class=\"iwpm-term iwpm-term--id-10304 iwpm-term--child\" data-id=\"10304\">\r\n            <div class=\"iwpm-term__inner\">\r\n                <a class=\"iwpm-term__link\" href='https:\/\/tgoffenau.de\/tgo\/sportangebote-abteilungen\/turnen\/kinderturnen-1-2-klasse\/' target='_self'>\r\n\t\t\t\t\t            <div\r\n              class=\"iwpm-term__shifts\"\r\n              style=\"width: 0\"><\/div>\r\n\t\t\t        <span class=\"iwpm-term__text\">Kinderturnen 1-2 Klasse<\/span>\r\n\t\t                <\/a>\r\n\t\t\t\t            <\/div>\r\n\t\t\t        <\/div>\r\n\r\n\t\t\r\n        <div class=\"iwpm-term iwpm-term--id-10305 iwpm-term--child\" data-id=\"10305\">\r\n            <div class=\"iwpm-term__inner\">\r\n                <a class=\"iwpm-term__link\" href='https:\/\/tgoffenau.de\/tgo\/sportangebote-abteilungen\/turnen\/geraeteturnen_ab_der_3-_klasse\/' target='_self'>\r\n\t\t\t\t\t            <div\r\n              class=\"iwpm-term__shifts\"\r\n              style=\"width: 0\"><\/div>\r\n\t\t\t        <span class=\"iwpm-term__text\">Ger\u00e4teturnen ab der 3. Klasse<\/span>\r\n\t\t                <\/a>\r\n\t\t\t\t            <\/div>\r\n\t\t\t        <\/div>\r\n\r\n\t\t\r\n        <div class=\"iwpm-term iwpm-term--id-10306 iwpm-term--child\" data-id=\"10306\">\r\n            <div class=\"iwpm-term__inner\">\r\n                <a class=\"iwpm-term__link\" href='https:\/\/tgoffenau.de\/tgo\/sportangebote-abteilungen\/turnen\/jedermann\/' target='_self'>\r\n\t\t\t\t\t            <div\r\n              class=\"iwpm-term__shifts\"\r\n              style=\"width: 0\"><\/div>\r\n\t\t\t        <span class=\"iwpm-term__text\">Jedermann<\/span>\r\n\t\t                <\/a>\r\n\t\t\t\t            <\/div>\r\n\t\t\t        <\/div>\r\n\r\n\t\t\r\n        <div class=\"iwpm-term iwpm-term--id-10308 iwpm-term--child\" data-id=\"10308\">\r\n            <div class=\"iwpm-term__inner\">\r\n                <a class=\"iwpm-term__link\" href='https:\/\/tgoffenau.de\/tgo\/sportangebote-abteilungen\/turnen\/kornlupferfest\/' target='_self'>\r\n\t\t\t\t\t            <div\r\n              class=\"iwpm-term__shifts\"\r\n              style=\"width: 0\"><\/div>\r\n\t\t\t        <span class=\"iwpm-term__text\">Kornlupferfest<\/span>\r\n\t\t                <\/a>\r\n\t\t\t\t            <\/div>\r\n\t\t\t        <\/div>\r\n\r\n\t\t\r\n        <div class=\"iwpm-term iwpm-term--id-10309 iwpm-term--child\" data-id=\"10309\">\r\n            <div class=\"iwpm-term__inner\">\r\n                <a class=\"iwpm-term__link\" href='http:\/\/klf-turnen.tgoffenau.de' target='_blank'>\r\n\t\t\t\t\t            <div\r\n              class=\"iwpm-term__shifts\"\r\n              style=\"width: 0\"><\/div>\r\n\t\t\t        <span class=\"iwpm-term__text\">Einsatzplan Kornlupferfest<\/span>\r\n\t\t                <\/a>\r\n\t\t\t\t            <\/div>\r\n\t\t\t        <\/div>\r\n\r\n\t\t<\/div><\/div>        <\/div>\r\n\r\n\t\t<\/div><\/div><\/div><div id=\"iwpm_data_args\" class=\"data-args\"  data-collapse_children_terms='1' data-collapse_other_terms='1' data-collapse_animation_duration='400' data-expand_animation_duration='400' data-disable_parent_links_level='4'><\/div><\/div><script id=\"styles-copier-69fb1289775dc\">\r\n\t\t\t\/\/ Finding styles element\r\n\t        var element = document.getElementById(\"iwpm-dynamic-style\");\r\n\t        if (!element) { \/\/ If no element (Cache plugins can remove tag), then creating a new one\r\n                element = document.createElement('style');\r\n                var head = document.getElementsByTagName(\"head\")\r\n                if (head && head[0]) {\r\n                \thead[0].appendChild(element);\r\n                } else {\r\n                  \tconsole.warn(\"IWP Menu | Error while printing styles. Please contact technical support.\");\r\n                }\r\n\t        }\r\n\t\t\t\/\/ Copying styles to <styles> tag\r\n\t        element.innerHTML += \".iwpm-10286 .iwpm-terms{border-top-left-radius:5px;border-top-right-radius:5px;border-bottom-right-radius:5px;border-bottom-left-radius:5px;padding-top:1px;transition:all 400ms;animation:iwp-none 1000ms;}.iwpm-10286 .iwpm-terms-tree--children > .iwpm-terms-tree__inner{margin-left:7px;animation:iwp-none 400ms;}.iwpm-10286 .iwpm-term__inner{background-color:rgba(255,235,237,1);border-top-left-radius:5px;border-top-right-radius:5px;border-bottom-right-radius:5px;border-bottom-left-radius:5px;margin-bottom:2px;min-height:35px;transition:all 400ms;}.iwpm-10286 .iwpm-term__inner:hover{background-color:rgba(239,150,150,1);}.iwpm-10286 .iwpm-term--current > .iwpm-term__inner{background-color:rgba(255,191,191,1);}.iwpm-10286 .iwpm-term--child .iwpm-term__inner{background-color:rgba(252,228,228,0.35);border-left: 2px solid red;;}.iwpm-10286 .iwpm-term--child .iwpm-term__inner:hover{background-color:rgba(255,141,141,1);}.iwpm-10286 .iwpm-term--child.iwpm-term--current > .iwpm-term__inner{background-color:rgba(255,191,191,1);}.iwpm-10286 .iwpm-term__link{color:rgba(0,0,0,1);font-size:18px;line-height:20px;font-weight:400;text-align:left;text-decoration:underline;padding-top:5px;padding-right:15px;padding-bottom:5px;padding-left:15px;transition:all 400ms;}.iwpm-10286 .iwpm-term__inner:hover .iwpm-term__link{color:rgba(50,50,50,1);text-decoration:none;}.iwpm-10286 .iwpm-term--current > .iwpm-term__inner .iwpm-term__link{color:rgba(0,0,0,1);text-decoration:underline;}.iwpm-10286 .iwpm-term--child .iwpm-term__inner .iwpm-term__link{color:rgba(0,0,0,1);font-weight:400;text-decoration:none;}.iwpm-10286 .iwpm-term--child .iwpm-term__inner:hover .iwpm-term__link{color:rgba(0,0,0,1);text-decoration:none;}.iwpm-10286 .iwpm-term--child.iwpm-term--current > .iwpm-term__inner .iwpm-term__link{color:rgba(0,0,0,1);text-decoration:none;}.iwpm-10286 .iwpm-term__toggle__inner{transition:transform 400ms}.iwpm-10286 .iwpm-term--expanded > .iwpm-term__inner > .iwpm-term__toggle > .iwpm-term__toggle__inner{transform:rotate(180deg);}.iwpm-10286 .iwpm-term__toggle{color:rgba(255,0,0,1);font-size:16px;align-self:stretch;height:unset;;width:40px;transition:all 400ms;}.iwpm-10286 .iwpm-term__toggle:hover{color:rgba(0,0,0,1);}.iwpm-10286 .iwpm-term__image-container{width:30px;min-width:30px;height:30px;min-height:30px;margin-right:15px;transition:all 400ms;}.iwpm-10286 .iwpm-term__image{background-size:contain;background-position:center;background-repeat:no-repeat;}.iwpm-10286 .iwpm-term__image-container:hover{background-size:contain;background-position:center;background-repeat:no-repeat;}.iwpm-10286 .iwpm-term__inner:hover .iwpm-term__image-container{background-size:contain;background-position:center;background-repeat:no-repeat;}.iwpm-10286 .iwpm-term--current > .iwpm-term__inner .iwpm-term__image-container{background-size:contain;background-position:center;background-repeat:no-repeat;}.iwpm-10286 .iwpm-term--child .iwpm-term__inner .iwpm-term__image-container{background-size:contain;background-position:center;background-repeat:no-repeat;}.iwpm-10286 .iwpm-term--child .iwpm-term__inner .iwpm-term__image-container:hover{background-size:contain;background-position:center;background-repeat:no-repeat;}.iwpm-10286 .iwpm-term--child.iwpm-term--current > .iwpm-term__inner .iwpm-term__image-container{background-size:contain;background-position:center;background-repeat:no-repeat;}.iwpm-10286  .iwpm-term__text{flex: unset}.iwpm-10286 .iwpm-term__posts-count{color:rgba(154,154,154,1);font-size:17px;margin-left:12px;font-weight:400;transition:all 400ms;}.iwpm-10286 .iwpm-term--child .iwpm-term__inner:hover .iwpm-term__posts-count{color:rgba(255,255,255,1);}.iwpm-10286 .iwpm-term--child.iwpm-term--current > .iwpm-term__inner .iwpm-term__posts-count{color:rgba(255,255,255,1);}.iwpm-10286 .iwpm-term--collapsing > .iwpm-terms-tree--children > .iwpm-terms-tree__inner{animation:iwp-none 400ms;}\";\r\n\t        \/\/ Removing this script\r\n            var this_script = document.getElementById(\"styles-copier-69fb1289775dc\");\r\n            if (this_script) { \/\/ Cache plugins can remove tag\r\n\t            this_script.outerHTML = \"\";\r\n\t            if (this_script.parentNode) {\r\n\t                this_script.parentNode.removeChild(this_script);\r\n\t            }\r\n            }\r\n        <\/script>\n<\/div><\/div><\/div><\/div><\/div><div class=\"fusion-fullwidth fullwidth-box fusion-builder-row-2 fusion-flex-container nonhundred-percent-fullwidth non-hundred-percent-height-scrolling\" style=\"--awb-border-radius-top-left:0px;--awb-border-radius-top-right:0px;--awb-border-radius-bottom-right:0px;--awb-border-radius-bottom-left:0px;--awb-flex-wrap:wrap;\" ><div class=\"fusion-builder-row fusion-row fusion-flex-align-items-flex-start fusion-flex-content-wrap\" style=\"max-width:1216.8px;margin-left: calc(-4% \/ 2 );margin-right: calc(-4% \/ 2 );\"><div class=\"fusion-layout-column fusion_builder_column fusion-builder-column-1 fusion_builder_column_1_1 1_1 fusion-flex-column\" style=\"--awb-bg-size:cover;--awb-width-large:100%;--awb-margin-top-large:0px;--awb-spacing-right-large:1.92%;--awb-margin-bottom-large:0px;--awb-spacing-left-large:1.92%;--awb-width-medium:100%;--awb-spacing-right-medium:1.92%;--awb-spacing-left-medium:1.92%;--awb-width-small:100%;--awb-spacing-right-small:1.92%;--awb-spacing-left-small:1.92%;\"><div class=\"fusion-column-wrapper fusion-flex-justify-content-flex-start fusion-content-layout-column\"><div class=\"fusion-text fusion-text-2\"><h1>Vorschulturnen<\/h1>\n<h2>Bewegungsk\u00fcnstler<\/h2>\n<p><strong>Wer kann mitturnen?<br \/>\n<\/strong>Alle Kinder von 4 bis 6 Jahren, die Spa\u00df an der Bewegung haben.<\/p>\n<p><strong>Kurs ist voll!<\/strong><br \/>\n<strong> Bitte Kontakt \u00fcber Email aufnehmen, wir f\u00fchren eine Warteliste!<\/strong><\/p>\n<p><strong><br \/>\nWann und wo treffen wir uns?<br \/>\n<\/strong>Wir treffen uns jeden<strong> <\/strong><\/p>\n<p><p>\r\nMittwoch 15:15 bis 16:15 Uhr\r\n<\/p> in der Sporthalle (au\u00dfer in den Schulferien).<\/p>\n<\/p>\n<p><strong>Was sollen die Kinder zur Turnstunde mitbringen?<br \/>\n<\/strong>Sportkleidung, Turnschuhe oder Turnschl\u00e4ppchen und Trinken<\/p>\n<\/p>\n<p><strong>Was machen wir in den Turnstunden?<br \/>\n<\/strong>Unser oberstes Ziel ist es, dass die Kinder Freude an der Bewegung haben. Durch den vielf\u00e4ltigen Umgang mit Kleinger\u00e4ten, Alltagsmaterialien und das Sich-Bewegen an Gro\u00dfger\u00e4ten sammeln die Kinder unterschiedliche Bewegungserfahrungen und gewinnen an Bewegungssicherheit, die sie im Alltag, als Vorbereitung f\u00fcr andere Sportarten, als auch f\u00fcr den Schulsport ben\u00f6tigen. In den Turnstunden lernen die Kinder sportliche, spielerische und gestalterische Bewegungshandlungen kennen. Wir m\u00f6chten dem K\u00f6nnensstand  aller Kinder gerecht werden und bieten deshalb differenzierte Bewegungsaufgaben an. Somit steht nicht nur das freie Experimentieren der Kinder mit den Ger\u00e4ten im Vordergrund, sondern wir bahnen auf spielerische Weise turnerische Grundformen an.<\/p>\n<p>Reinschnuppern ist jederzeit erlaubt!<\/p>\n<p>Wir freuen uns auf viele tolle Turnstunden.<\/p>\n<p>Leitung der \u00dcbungsstunde: Sabrina Brescia und Jasmin Peetz<br \/>\nBei Fragen Email bitte an: &#116;u&#x72;n&#x6b;i&#x6e;d&#x65;r&#x6f;f&#x66;&#101;&#x6e;&#97;&#x75;&#64;&#x67;&#109;&#x61;&#105;&#x6c;&#46;&#x63;&#111;m<\/p><\/p>\n<\/div><\/div><\/div><\/div><\/div>\n","protected":false},"excerpt":{"rendered":"Turnen Turnen - Info Aerobic f\u00fcr Frauen \/ Frauengymnastik Eltern-Kind-Turnen Fit ab 50 Vorschulturnen Kinderturnen 1-2 Klasse Ger\u00e4teturnen ab der 3. Klasse Jedermann Kornlupferfest Einsatzplan Kornlupferfest Vorschulturnen Bewegungsk\u00fcnstler Wer kann mitturnen? Alle Kinder von 4 bis 6 Jahren, die Spa\u00df an der Bewegung haben. Kurs ist voll! Bitte Kontakt \u00fcber Email aufnehmen, wir f\u00fchren eine","protected":false},"author":1,"featured_media":0,"parent":140,"menu_order":0,"comment_status":"closed","ping_status":"closed","template":"","meta":{"footnotes":""},"class_list":["post-164","page","type-page","status-publish","hentry"],"_links":{"self":[{"href":"https:\/\/tgoffenau.de\/tgo\/wp-json\/wp\/v2\/pages\/164","targetHints":{"allow":["GET"]}}],"collection":[{"href":"https:\/\/tgoffenau.de\/tgo\/wp-json\/wp\/v2\/pages"}],"about":[{"href":"https:\/\/tgoffenau.de\/tgo\/wp-json\/wp\/v2\/types\/page"}],"author":[{"embeddable":true,"href":"https:\/\/tgoffenau.de\/tgo\/wp-json\/wp\/v2\/users\/1"}],"replies":[{"embeddable":true,"href":"https:\/\/tgoffenau.de\/tgo\/wp-json\/wp\/v2\/comments?post=164"}],"version-history":[{"count":6,"href":"https:\/\/tgoffenau.de\/tgo\/wp-json\/wp\/v2\/pages\/164\/revisions"}],"predecessor-version":[{"id":12161,"href":"https:\/\/tgoffenau.de\/tgo\/wp-json\/wp\/v2\/pages\/164\/revisions\/12161"}],"up":[{"embeddable":true,"href":"https:\/\/tgoffenau.de\/tgo\/wp-json\/wp\/v2\/pages\/140"}],"wp:attachment":[{"href":"https:\/\/tgoffenau.de\/tgo\/wp-json\/wp\/v2\/media?parent=164"}],"curies":[{"name":"wp","href":"https:\/\/api.w.org\/{rel}","templated":true}]}}